{"id":69,"date":"2016-06-23T15:32:10","date_gmt":"2016-06-23T15:32:10","guid":{"rendered":"http:\/\/ia.juhl.de\/?page_id=69"},"modified":"2023-11-30T20:01:00","modified_gmt":"2023-11-30T20:01:00","slug":"mitglied-werden","status":"publish","type":"page","link":"https:\/\/ingelheim-aktiv.com\/?page_id=69","title":{"rendered":"Mitglied werden"},"content":{"rendered":"<p class=\"p1\"><strong>Willkommen im Gewerbeverein<\/strong><\/p>\n<p class=\"p1\">Als aktiver Gewerbeverein in Ingelheim setzen wir uns f\u00fcr die Belange der Gesch\u00e4fte und Dienstleister in Ingelheim ein.<br \/>\nUnser Hauptaktivit\u00e4ten sind die verkaufsoffenen Sonntage, die viele Besucher in unsere aufstrebende Stadt f\u00fchren\u00a0und ein guter Kontakt zur Stadt Ingelheim, um unsere Belange positiv zu entwickeln.<br \/>\nWir freuen uns, wenn Sie Mitglied bei uns werden.<\/p>\n<p class=\"p1\"><span class=\"s1\"><b>Wie werde ich Mitglied?<\/b><\/span><\/p>\n<ol class=\"ol1\">\n<li>Bitte laden Sie den Mitgliedsantrag herunter: <a href=\"https:\/\/drive.google.com\/file\/d\/1HK7AwMgHfYKM1xCY946pYWXUyNG40UD9\/view?usp=sharing\">PDF<\/a><\/li>\n<li class=\"li1\"><span class=\"s1\">Bitte f\u00fcllen Sie den Mitgliedsantrag aus.<\/span><\/li>\n<li class=\"li1\"><span class=\"s1\">und senden Sie ihn uns per Post.<\/span><\/li>\n<li class=\"li1\"><span class=\"s1\">Wir pr\u00fcfen Ihren Antrag und nehmen Sie als Mitglied auf.<\/span><\/li>\n<\/ol>\n<p class=\"p1\"><span class=\"s1\">Wir freuen uns auf Sie als Mitglied und Ihren Beitrag an unseren gemeinsamen Zielen.<br \/>\n<\/span><span class=\"s1\">Sprechen Sie gerne mit uns, damit wir Ihre W\u00fcnsche kennen und wir als Verein\u00a0<\/span><span class=\"s1\">gemeinsam auftreten k\u00f6nnen.<\/span><\/p>\n<p class=\"p3\"><span class=\"s1\">Susanne Deckstein<br \/>\n&#8211; Gesch\u00e4ftsf\u00fchrerin &#8211;<\/span><\/p>\n","protected":false},"excerpt":{"rendered":"<p>Willkommen im Gewerbeverein Als aktiver Gewerbeverein in Ingelheim setzen wir uns f\u00fcr die Belange der Gesch\u00e4fte und Dienstleister in Ingelheim ein. Unser Hauptaktivit\u00e4ten sind die verkaufsoffenen Sonntage, die viele Besucher in unsere aufstrebende Stadt f\u00fchren\u00a0und ein guter Kontakt zur Stadt Ingelheim, um unsere Belange positiv zu entwickeln. Wir freuen uns, wenn Sie Mitglied bei uns [&hellip;]<\/p>\n","protected":false},"author":1,"featured_media":0,"parent":0,"menu_order":10,"comment_status":"closed","ping_status":"closed","template":"","meta":[],"_links":{"self":[{"href":"https:\/\/ingelheim-aktiv.com\/index.php?rest_route=\/wp\/v2\/pages\/69"}],"collection":[{"href":"https:\/\/ingelheim-aktiv.com\/index.php?rest_route=\/wp\/v2\/pages"}],"about":[{"href":"https:\/\/ingelheim-aktiv.com\/index.php?rest_route=\/wp\/v2\/types\/page"}],"author":[{"embeddable":true,"href":"https:\/\/ingelheim-aktiv.com\/index.php?rest_route=\/wp\/v2\/users\/1"}],"replies":[{"embeddable":true,"href":"https:\/\/ingelheim-aktiv.com\/index.php?rest_route=%2Fwp%2Fv2%2Fcomments&post=69"}],"version-history":[{"count":9,"href":"https:\/\/ingelheim-aktiv.com\/index.php?rest_route=\/wp\/v2\/pages\/69\/revisions"}],"predecessor-version":[{"id":738,"href":"https:\/\/ingelheim-aktiv.com\/index.php?rest_route=\/wp\/v2\/pages\/69\/revisions\/738"}],"wp:attachment":[{"href":"https:\/\/ingelheim-aktiv.com\/index.php?rest_route=%2Fwp%2Fv2%2Fmedia&parent=69"}],"curies":[{"name":"wp","href":"https:\/\/api.w.org\/{rel}","templated":true}]}}