{"id":66,"date":"2016-06-23T15:29:39","date_gmt":"2016-06-23T15:29:39","guid":{"rendered":"http:\/\/ia.juhl.de\/?page_id=66"},"modified":"2023-11-30T19:43:52","modified_gmt":"2023-11-30T19:43:52","slug":"impressum","status":"publish","type":"page","link":"https:\/\/ingelheim-aktiv.com\/?page_id=66","title":{"rendered":"Impressum"},"content":{"rendered":"<p class=\"p1\"><span class=\"s1\"><b>Herausgeber<\/b><\/span><\/p>\n<p>Ingelheim aktiv e.V.<br \/>Vorsitzender: Sven Kutzner<br \/>Postfach 1222<br \/>55209 Ingelheim am Rhein<br \/>c\/o<br \/>Kanzlei Kutzner &amp; Kollegen<br \/>Mobil: 01522-2836737<br \/>Telefon: 06132 89 97 80<br \/>Telefax: 06132 89 97 820<br \/>Georg-R\u00fcckert-Stra\u00dfe 10<br \/>55218 Ingelheim, RLP Deutschland<\/p>\n<p class=\"p2\"><span class=\"s1\"><b>Haftungsauschluss:<\/b><\/span><\/p>\n<p class=\"p2\"><span class=\"s1\"><i>Wir distanzieren uns ausdr\u00fccklich von allen Inhalten der Seiten, zu denen Links oder Banner von \u201cIngelheim aktiv\u201d f\u00fchren.<br \/>Wir betonen, dass wir keinerlei Einflu\u00df auf die Gestaltung und die Inhalte der gelinkten Seiten sowie deren Unterseiten haben.<\/i><\/span><\/p>\n<p class=\"p1\"><span class=\"s1\"><b>Webmaster<\/b><\/span><\/p>\n<p class=\"p1\"><span class=\"s2\">Aneta Profaska<br \/><\/span><a href=\"impzvertrieb@gmail.com\">impzvertrieb@gmail.com<\/a><\/p>\n\n\n<p><\/p>\n","protected":false},"excerpt":{"rendered":"<p>Herausgeber Ingelheim aktiv e.V.Vorsitzender: Sven KutznerPostfach 122255209 Ingelheim am Rheinc\/oKanzlei Kutzner &amp; KollegenMobil: 01522-2836737Telefon: 06132 89 97 80Telefax: 06132 89 97 820Georg-R\u00fcckert-Stra\u00dfe 1055218 Ingelheim, RLP Deutschland Haftungsauschluss: Wir distanzieren uns ausdr\u00fccklich von allen Inhalten der Seiten, zu denen Links oder Banner von \u201cIngelheim aktiv\u201d f\u00fchren.Wir betonen, dass wir keinerlei Einflu\u00df auf die Gestaltung und die [&hellip;]<\/p>\n","protected":false},"author":1,"featured_media":0,"parent":0,"menu_order":12,"comment_status":"closed","ping_status":"closed","template":"","meta":[],"_links":{"self":[{"href":"https:\/\/ingelheim-aktiv.com\/index.php?rest_route=\/wp\/v2\/pages\/66"}],"collection":[{"href":"https:\/\/ingelheim-aktiv.com\/index.php?rest_route=\/wp\/v2\/pages"}],"about":[{"href":"https:\/\/ingelheim-aktiv.com\/index.php?rest_route=\/wp\/v2\/types\/page"}],"author":[{"embeddable":true,"href":"https:\/\/ingelheim-aktiv.com\/index.php?rest_route=\/wp\/v2\/users\/1"}],"replies":[{"embeddable":true,"href":"https:\/\/ingelheim-aktiv.com\/index.php?rest_route=%2Fwp%2Fv2%2Fcomments&post=66"}],"version-history":[{"count":8,"href":"https:\/\/ingelheim-aktiv.com\/index.php?rest_route=\/wp\/v2\/pages\/66\/revisions"}],"predecessor-version":[{"id":735,"href":"https:\/\/ingelheim-aktiv.com\/index.php?rest_route=\/wp\/v2\/pages\/66\/revisions\/735"}],"wp:attachment":[{"href":"https:\/\/ingelheim-aktiv.com\/index.php?rest_route=%2Fwp%2Fv2%2Fmedia&parent=66"}],"curies":[{"name":"wp","href":"https:\/\/api.w.org\/{rel}","templated":true}]}}