{"id":39,"date":"2016-06-23T11:40:16","date_gmt":"2016-06-23T11:40:16","guid":{"rendered":"http:\/\/ia.juhl.de\/?page_id=39"},"modified":"2023-07-19T19:59:02","modified_gmt":"2023-07-19T19:59:02","slug":"39-2","status":"publish","type":"page","link":"https:\/\/ingelheim-aktiv.com\/?page_id=39","title":{"rendered":"City-Gutschein"},"content":{"rendered":"<h2>City-Gutschein Ingelheim macht Schenken ganz leicht<\/h2>\n<p>Mit einem City-Gutschein von Ingelheim-aktiv machen Sie Ihren Lieben eine gro\u00dfe Freude.<\/p>\n<p><img loading=\"lazy\" class=\"alignnone size-medium wp-image-9 aligncenter\" src=\"http:\/\/ia.juhl.de\/wp-content\/uploads\/2016\/06\/city-gutschein-300x132.png\" alt=\"city-gutschein\" width=\"300\" height=\"132\" srcset=\"https:\/\/ingelheim-aktiv.com\/wp-content\/uploads\/2016\/06\/city-gutschein-300x132.png 300w, https:\/\/ingelheim-aktiv.com\/wp-content\/uploads\/2016\/06\/city-gutschein.png 385w\" sizes=\"(max-width: 300px) 100vw, 300px\" \/><\/p>\n<h2>Gutschein kaufen<\/h2>\n<p>Sie k\u00f6nnen den City-Gutschein bei der <strong>Mainzer-Volksbank<\/strong> oder der <strong>Sparkasse<\/strong> erwerben, jeder Betrag bis zu 100 Euro ist m\u00f6glich.<br \/>\nTipp: Verschenken Sie lieber zwei kleinere Gutscheine, als einen gro\u00dfen, dann ist der Beschenkte flexibler.<\/p>\n<ul>\n<li>Mainzer-Volksbank eG in der Konrad-Adenauer-Stra\u00dfe<\/li>\n<li>Sparkasse Rhein-Nahe in der Bahnhofstra\u00dfe<\/li>\n<\/ul>\n<h2>Gutschein einl\u00f6sen<\/h2>\n<p>Der Beschenkte kann den City-Gutschein bei jedem Mitglied von Ingelheim-aktiv einl\u00f6sen, das sind mehr als einhundert Gesch\u00e4fte und andere Unternehmen in Ingelheim!<br \/>\nDas Mitgliederverzeichnis finden Sie\u00a0auf der R\u00fcckseite jedes Gutscheins.<\/p>\n<h2>Anleitung f\u00fcr den Einzelh\u00e4ndler<\/h2>\n<p>Wenn Sie als Einzelh\u00e4ndler einen Gutschein angenommen haben, k\u00f6nnen Sie den bei der Sparkasse oder Volksbank ganz einfach in Bargeld umtauschen.<\/p>\n","protected":false},"excerpt":{"rendered":"<p>City-Gutschein Ingelheim macht Schenken ganz leicht Mit einem City-Gutschein von Ingelheim-aktiv machen Sie Ihren Lieben eine gro\u00dfe Freude. Gutschein kaufen Sie k\u00f6nnen den City-Gutschein bei der Mainzer-Volksbank oder der Sparkasse erwerben, jeder Betrag bis zu 100 Euro ist m\u00f6glich. Tipp: Verschenken Sie lieber zwei kleinere Gutscheine, als einen gro\u00dfen, dann ist der Beschenkte flexibler. Mainzer-Volksbank [&hellip;]<\/p>\n","protected":false},"author":1,"featured_media":0,"parent":0,"menu_order":3,"comment_status":"closed","ping_status":"closed","template":"template-fullwidth.php","meta":[],"_links":{"self":[{"href":"https:\/\/ingelheim-aktiv.com\/index.php?rest_route=\/wp\/v2\/pages\/39"}],"collection":[{"href":"https:\/\/ingelheim-aktiv.com\/index.php?rest_route=\/wp\/v2\/pages"}],"about":[{"href":"https:\/\/ingelheim-aktiv.com\/index.php?rest_route=\/wp\/v2\/types\/page"}],"author":[{"embeddable":true,"href":"https:\/\/ingelheim-aktiv.com\/index.php?rest_route=\/wp\/v2\/users\/1"}],"replies":[{"embeddable":true,"href":"https:\/\/ingelheim-aktiv.com\/index.php?rest_route=%2Fwp%2Fv2%2Fcomments&post=39"}],"version-history":[{"count":6,"href":"https:\/\/ingelheim-aktiv.com\/index.php?rest_route=\/wp\/v2\/pages\/39\/revisions"}],"predecessor-version":[{"id":588,"href":"https:\/\/ingelheim-aktiv.com\/index.php?rest_route=\/wp\/v2\/pages\/39\/revisions\/588"}],"wp:attachment":[{"href":"https:\/\/ingelheim-aktiv.com\/index.php?rest_route=%2Fwp%2Fv2%2Fmedia&parent=39"}],"curies":[{"name":"wp","href":"https:\/\/api.w.org\/{rel}","templated":true}]}}