{"id":30,"date":"2016-06-23T11:36:55","date_gmt":"2016-06-23T11:36:55","guid":{"rendered":"http:\/\/ia.juhl.de\/?page_id=30"},"modified":"2024-09-02T19:32:49","modified_gmt":"2024-09-02T19:32:49","slug":"vorstand","status":"publish","type":"page","link":"https:\/\/ingelheim-aktiv.com\/?page_id=30","title":{"rendered":"Vorstand"},"content":{"rendered":"<p><img loading=\"lazy\" class=\"alignnone  wp-image-857 aligncenter\" src=\"https:\/\/ingelheim-aktiv.com\/wp-content\/uploads\/2024\/06\/O51A7998-300x200.jpg\" alt=\"\" width=\"565\" height=\"376\" srcset=\"https:\/\/ingelheim-aktiv.com\/wp-content\/uploads\/2024\/06\/O51A7998-300x200.jpg 300w, https:\/\/ingelheim-aktiv.com\/wp-content\/uploads\/2024\/06\/O51A7998-1024x683.jpg 1024w, https:\/\/ingelheim-aktiv.com\/wp-content\/uploads\/2024\/06\/O51A7998-768x512.jpg 768w, https:\/\/ingelheim-aktiv.com\/wp-content\/uploads\/2024\/06\/O51A7998-1536x1024.jpg 1536w, https:\/\/ingelheim-aktiv.com\/wp-content\/uploads\/2024\/06\/O51A7998-2048x1365.jpg 2048w\" sizes=\"(max-width: 565px) 100vw, 565px\" \/><\/p>\n<p>(v. l.) Finanzen: Michael Selke,Referat Veranstaltungen: S\u00f6ren Messwarb, Gesch\u00e4ftsf\u00fchrung: Susanne Deckstein, 1. Vorsitzender: Sven Kutzner, Schriftf\u00fchrung: Claudia Fetzer, Referat Presse: Harald Reiner, Referat Kommune, etc.: Matthias Thier.<\/p>\n<h3>Gru\u00dfwort<\/h3>\n<p>In Zeiten von Globalisierung, E-Commerce und &#8222;Geiz ist Geil&#8220;-Mentalit\u00e4t ist es wichtig, dass die Einzelh\u00e4ndler, die Gastronomie, das Dienstleistungsgewerbe, Handwerker, Winzer und Kleinindustrie ihre Interessensvertretung haben. Gemeinsam auftreten &#8211; gemeinsam handeln&#8220; Nur so ist es m\u00f6glich auch geh\u00f6rt zu werden.<\/p>\n<p>Hatten gleich zuvor die 3 Stadtteile Nieder-Ingelheim (&#8222;Kleiner Markt&#8220;), Ober-Ingelheim (&#8222;Altes Rathaus&#8220;) und Frei-Weinheim (&#8222;Rheinstra\u00dfe&#8220;) ihre lokalen Versorgungszentren, die auch die Verbundenheit der B\u00fcrger mit ihrem Stadtteil stark beeinflussten, muss das zusammen gewachsene Ingelheim seine Mitte noch finden. Durch die Ansiedlung des Rathauses, dem Bau von Umgehungen (L 428, Griesm\u00fchlenverbindung, Bahnhofstangente), zahlreichen Neubauten in der City (z. B. Haus mit Turm, AZ, Sparkasse, Panoramahaus, Parkhaus etc.) sowie der Neugestaltung der Bahnhofstra\u00dfe, sind hier wichtige Wege gegangen worden, dennoch fehlt hier noch ein wichtiger Baustein: Unser gemeinsames Zentrum.<\/p>\n<p>Hier gilt es die Interessen in der Waage zu halten. Zum Einen ist es wichtig, dass hier neue Ladenfl\u00e4chen angesiedelt werden, die Magnetfunktion haben und damit neue Kundestr\u00f6me ergr\u00fcnden. Zum Anderen d\u00fcrfen die neu hinzu gewonnen Magnete alt eingesessene Einzelh\u00e4ndler nicht unterh\u00f6hlen. Es besteht an dieser Stelle h\u00f6chste Priorit\u00e4t und Fingerspitzengef\u00fchl, dieses neue Gef\u00fchl in der Waage zu halten, zur Zufriedenheit aller. Die zurzeit wohl wichtigste Aufgabe des Vereins.<\/p>\n<p>Stephan Trautmann<\/p>\n","protected":false},"excerpt":{"rendered":"<p>(v. l.) Finanzen: Michael Selke,Referat Veranstaltungen: S\u00f6ren Messwarb, Gesch\u00e4ftsf\u00fchrung: Susanne Deckstein, 1. Vorsitzender: Sven Kutzner, Schriftf\u00fchrung: Claudia Fetzer, Referat Presse: Harald Reiner, Referat Kommune, etc.: Matthias Thier. Gru\u00dfwort In Zeiten von Globalisierung, E-Commerce und &#8222;Geiz ist Geil&#8220;-Mentalit\u00e4t ist es wichtig, dass die Einzelh\u00e4ndler, die Gastronomie, das Dienstleistungsgewerbe, Handwerker, Winzer und Kleinindustrie ihre Interessensvertretung haben. Gemeinsam [&hellip;]<\/p>\n","protected":false},"author":1,"featured_media":0,"parent":0,"menu_order":6,"comment_status":"closed","ping_status":"closed","template":"template-fullwidth.php","meta":[],"_links":{"self":[{"href":"https:\/\/ingelheim-aktiv.com\/index.php?rest_route=\/wp\/v2\/pages\/30"}],"collection":[{"href":"https:\/\/ingelheim-aktiv.com\/index.php?rest_route=\/wp\/v2\/pages"}],"about":[{"href":"https:\/\/ingelheim-aktiv.com\/index.php?rest_route=\/wp\/v2\/types\/page"}],"author":[{"embeddable":true,"href":"https:\/\/ingelheim-aktiv.com\/index.php?rest_route=\/wp\/v2\/users\/1"}],"replies":[{"embeddable":true,"href":"https:\/\/ingelheim-aktiv.com\/index.php?rest_route=%2Fwp%2Fv2%2Fcomments&post=30"}],"version-history":[{"count":17,"href":"https:\/\/ingelheim-aktiv.com\/index.php?rest_route=\/wp\/v2\/pages\/30\/revisions"}],"predecessor-version":[{"id":884,"href":"https:\/\/ingelheim-aktiv.com\/index.php?rest_route=\/wp\/v2\/pages\/30\/revisions\/884"}],"wp:attachment":[{"href":"https:\/\/ingelheim-aktiv.com\/index.php?rest_route=%2Fwp%2Fv2%2Fmedia&parent=30"}],"curies":[{"name":"wp","href":"https:\/\/api.w.org\/{rel}","templated":true}]}}