{"id":214,"date":"2020-04-21T09:15:11","date_gmt":"2020-04-21T09:15:11","guid":{"rendered":"https:\/\/ingelheim-aktiv.com\/?page_id=214"},"modified":"2025-03-14T15:42:51","modified_gmt":"2025-03-14T15:42:51","slug":"hilfe-in-coronazeiten","status":"publish","type":"page","link":"https:\/\/ingelheim-aktiv.com\/?page_id=214","title":{"rendered":"Ingelheim help"},"content":{"rendered":"<p style=\"padding-left: 60px;\"><img loading=\"lazy\" class=\"wp-image-216 alignnone\" src=\"https:\/\/ingelheim-aktiv.com\/wp-content\/uploads\/2020\/04\/Logo_Ingelheim-hilft-300x300.png\" alt=\"\" width=\"130\" height=\"130\" srcset=\"https:\/\/ingelheim-aktiv.com\/wp-content\/uploads\/2020\/04\/Logo_Ingelheim-hilft-300x300.png 300w, https:\/\/ingelheim-aktiv.com\/wp-content\/uploads\/2020\/04\/Logo_Ingelheim-hilft-150x150.png 150w, https:\/\/ingelheim-aktiv.com\/wp-content\/uploads\/2020\/04\/Logo_Ingelheim-hilft-250x250.png 250w, https:\/\/ingelheim-aktiv.com\/wp-content\/uploads\/2020\/04\/Logo_Ingelheim-hilft-174x174.png 174w, https:\/\/ingelheim-aktiv.com\/wp-content\/uploads\/2020\/04\/Logo_Ingelheim-hilft.png 512w\" sizes=\"(max-width: 130px) 100vw, 130px\" \/><\/p>\n<p>Als Gewerbeverein in Ingelheim versuchen wir die Ingelheimer Gesch\u00e4fte und alle anderen lokalen Gewerbetreibenden zu unterst\u00fctzen.<br \/>Folgende Aktivit\u00e4ten haben wir initiiert oder bieten wir als Link an:<\/p>\n<h3>ingelheim.help<\/h3>\n<p>Die Seite www.ingelheim.help hat Ingelheim-Aktiv zusammen mit der Stadt Ingelheim ins Leben gerufen.<br \/>Auf der Seite finden Sie Informationen zu Ingelheimer Gesch\u00e4ften und Dienstleistern, mit aktuellen \u00d6ffnungszeiten und Angeboten.<br \/>Wenn Sie auf die Seite aufgenommen werden wollen, schicken Sie bitte Ihren Textvorschlag an: <a href=\"mailto:kontakt@ingelheim.help\">kontakt@ingelheim.help<\/a><\/p>\n<ul>\n<li>Link zur Seite: <a href=\"http:\/\/ingelheim.help\">ingelheim.help<\/a><\/li>\n<li>Plakat: <a href=\"https:\/\/ingelheim-aktiv.com\/wp-content\/uploads\/2020\/04\/Plakat_Ingelheim-hilft2.jpg\">JPG<\/a>. Das Plakat erhalten Sie auch an folgenden Stellen:\n<ul>\n<li>Ressel Werbetechnik, Herr Scholt<\/li>\n<li>Clever Dialog Marketing, Frau Deckstein<\/li>\n<\/ul>\n<\/li>\n<li>Pressetext: <a href=\"https:\/\/ingelheim-aktiv.com\/wp-content\/uploads\/2020\/04\/Presse_Ingelheim-aktiv.pdf\">PDF<\/a><\/li>\n<li>Logo: <a href=\"https:\/\/ingelheim-aktiv.com\/wp-content\/uploads\/2020\/04\/Logo_Ingelheim-hilft.png\">PNG<\/a><\/li>\n<\/ul>\n<h3>Einkaufs-Gutscheine (insolvenzgesichert)<\/h3>\n<p>\u00dcber das neue Portal \u201eVR-ExtraPlus Hilft\u201c k\u00f6nnen sich ab sofort kleine und mittelst\u00e4ndische Gesch\u00e4fte in ganz Deutschland registrieren und dort f\u00fcr ihre Waren und Dienstleistungen Gutscheine anbieten.<br \/>Hinweis:\u00a0Jeder verkaufte Gutschein ist durch R+V insolvenzgesichert !<\/p>\n<ul>\n<li>mehr Infos: <a href=\"https:\/\/ingelheim-aktiv.com\/wp-content\/uploads\/2020\/04\/Geno-Gutscheinportal.pdf\">PDF<\/a><\/li>\n<\/ul>\n\n\n<div style=\"height:100px\" aria-hidden=\"true\" class=\"wp-block-spacer\"><\/div>\n","protected":false},"excerpt":{"rendered":"<p>Als Gewerbeverein in Ingelheim versuchen wir die Ingelheimer Gesch\u00e4fte und alle anderen lokalen Gewerbetreibenden zu unterst\u00fctzen.Folgende Aktivit\u00e4ten haben wir initiiert oder bieten wir als Link an: ingelheim.help Die Seite www.ingelheim.help hat Ingelheim-Aktiv zusammen mit der Stadt Ingelheim ins Leben gerufen.Auf der Seite finden Sie Informationen zu Ingelheimer Gesch\u00e4ften und Dienstleistern, mit aktuellen \u00d6ffnungszeiten und Angeboten.Wenn [&hellip;]<\/p>\n","protected":false},"author":1,"featured_media":0,"parent":0,"menu_order":0,"comment_status":"closed","ping_status":"closed","template":"","meta":[],"_links":{"self":[{"href":"https:\/\/ingelheim-aktiv.com\/index.php?rest_route=\/wp\/v2\/pages\/214"}],"collection":[{"href":"https:\/\/ingelheim-aktiv.com\/index.php?rest_route=\/wp\/v2\/pages"}],"about":[{"href":"https:\/\/ingelheim-aktiv.com\/index.php?rest_route=\/wp\/v2\/types\/page"}],"author":[{"embeddable":true,"href":"https:\/\/ingelheim-aktiv.com\/index.php?rest_route=\/wp\/v2\/users\/1"}],"replies":[{"embeddable":true,"href":"https:\/\/ingelheim-aktiv.com\/index.php?rest_route=%2Fwp%2Fv2%2Fcomments&post=214"}],"version-history":[{"count":23,"href":"https:\/\/ingelheim-aktiv.com\/index.php?rest_route=\/wp\/v2\/pages\/214\/revisions"}],"predecessor-version":[{"id":976,"href":"https:\/\/ingelheim-aktiv.com\/index.php?rest_route=\/wp\/v2\/pages\/214\/revisions\/976"}],"wp:attachment":[{"href":"https:\/\/ingelheim-aktiv.com\/index.php?rest_route=%2Fwp%2Fv2%2Fmedia&parent=214"}],"curies":[{"name":"wp","href":"https:\/\/api.w.org\/{rel}","templated":true}]}}